{"id":15,"date":"2023-04-14T11:18:54","date_gmt":"2023-04-14T14:18:54","guid":{"rendered":"https:\/\/acaidoforte.com\/?page_id=15"},"modified":"2023-08-02T10:39:58","modified_gmt":"2023-08-02T13:39:58","slug":"nossa-historia","status":"publish","type":"page","link":"https:\/\/acaidoforte.com\/pt\/nossa-historia\/","title":{"rendered":"Nossa hist\u00f3ria"},"content":{"rendered":"<div data-elementor-type=\"wp-page\" data-elementor-id=\"15\" class=\"elementor elementor-15\" data-elementor-post-type=\"page\">\n\t\t\t\t\t\t<section class=\"elementor-section elementor-top-section elementor-element elementor-element-6db8a14 elementor-section-boxed elementor-section-height-default elementor-section-height-default\" data-id=\"6db8a14\" data-element_type=\"section\" data-settings=\"{&quot;background_background&quot;:&quot;classic&quot;,&quot;jet_parallax_layout_list&quot;:[]}\">\n\t\t\t\t\t\t\t<div class=\"elementor-background-overlay\"><\/div>\n\t\t\t\t\t\t\t<div class=\"elementor-container elementor-column-gap-default\">\n\t\t\t\t\t<div class=\"elementor-column elementor-col-100 elementor-top-column elementor-element elementor-element-f8089cc\" data-id=\"f8089cc\" data-element_type=\"column\">\n\t\t\t<div class=\"elementor-widget-wrap elementor-element-populated\">\n\t\t\t\t\t\t<div class=\"elementor-element elementor-element-cd4dd95 elementor-widget elementor-widget-heading\" data-id=\"cd4dd95\" data-element_type=\"widget\" data-widget_type=\"heading.default\">\n\t\t\t\t<div class=\"elementor-widget-container\">\n\t\t\t\t\t<h2 class=\"elementor-heading-title elementor-size-default\">NOSSA HIST\u00d3RIA<\/h2>\t\t\t\t<\/div>\n\t\t\t\t<\/div>\n\t\t\t\t\t<\/div>\n\t\t<\/div>\n\t\t\t\t\t<\/div>\n\t\t<\/section>\n\t\t\t\t<section class=\"elementor-section elementor-top-section elementor-element elementor-element-dad6443 elementor-section-boxed elementor-section-height-default elementor-section-height-default\" data-id=\"dad6443\" data-element_type=\"section\" data-settings=\"{&quot;background_background&quot;:&quot;classic&quot;,&quot;jet_parallax_layout_list&quot;:[]}\">\n\t\t\t\t\t\t\t<div class=\"elementor-background-overlay\"><\/div>\n\t\t\t\t\t\t\t<div class=\"elementor-container elementor-column-gap-default\">\n\t\t\t\t\t<div class=\"elementor-column elementor-col-100 elementor-top-column elementor-element elementor-element-6ffd04f\" data-id=\"6ffd04f\" data-element_type=\"column\">\n\t\t\t<div class=\"elementor-widget-wrap elementor-element-populated\">\n\t\t\t\t\t\t<section class=\"elementor-section elementor-inner-section elementor-element elementor-element-3e84360 elementor-section-boxed elementor-section-height-default elementor-section-height-default\" data-id=\"3e84360\" data-element_type=\"section\" data-settings=\"{&quot;jet_parallax_layout_list&quot;:[]}\">\n\t\t\t\t\t\t<div class=\"elementor-container elementor-column-gap-default\">\n\t\t\t\t\t<div class=\"elementor-column elementor-col-50 elementor-inner-column elementor-element elementor-element-0a9d156\" data-id=\"0a9d156\" data-element_type=\"column\">\n\t\t\t<div class=\"elementor-widget-wrap elementor-element-populated\">\n\t\t\t\t\t\t<div class=\"elementor-element elementor-element-6abe740 elementor-widget elementor-widget-text-editor\" data-id=\"6abe740\" data-element_type=\"widget\" data-widget_type=\"text-editor.default\">\n\t\t\t\t<div class=\"elementor-widget-container\">\n\t\t\t\t\t\t\t\t\tO A\u00e7a\u00ed do Forte nasceu em 2005 nas areias da Praia do Forte, em Cabo Frio, Rio de Janeiro.\n<br><br>\n\nAtrav\u00e9s da venda de <b style=\"font-size: 22px;\">UM<\/b> potinho de A\u00e7a\u00ed, nos transformamos na Melhor rede A\u00e7a\u00ed do Brasil. A for\u00e7a do nosso produto Premium possibilitou ao A\u00e7a\u00ed do Forte, em pouco tempo, expandir para mais de 4 pa\u00edses.\n<br><br>\n\nNosso produto possui <b style=\"font-size: 22px;\">alma brasileira<\/b>, e nosso objetivo \u00e9 que cada cliente tenha uma experi\u00eancia \u00fanica e inesquec\u00edvel com a nossa marca!\n<br><br>\n\nFabricamos e comercializamos um diversificado mix de A\u00e7a\u00ed e Cupua\u00e7\u00fa, onde voc\u00ea pode adquirir para seu neg\u00f3cio ou consumo pr\u00f3prio.\n<br><br>\n\nReunindo a grande procura dos consumidores por esse fruto A\u00e7a\u00ed, em 2017, iniciamos nossa jornada de expans\u00e3o em Franquias.\nCriamos uma metodologia testada pelo Franshising para quem quer empreender com seguran\u00e7a e de maneira pr\u00e1tica.\n<br><br>\nNossa empresa \u00e9 jovem e din\u00e2mica, e com um time que tem <b style=\"font-size: 22px;\">muito a\u00e7a\u00ed roxo na veia<\/b>, transformamos o sonho de um potinho em expans\u00e3o\u00a0pelo\u00a0mundo!\t\t\t\t\t\t\t\t<\/div>\n\t\t\t\t<\/div>\n\t\t\t\t\t<\/div>\n\t\t<\/div>\n\t\t\t\t<div class=\"elementor-column elementor-col-50 elementor-inner-column elementor-element elementor-element-c783843\" data-id=\"c783843\" data-element_type=\"column\">\n\t\t\t<div class=\"elementor-widget-wrap elementor-element-populated\">\n\t\t\t\t\t\t<div class=\"elementor-element elementor-element-3d12704 elementor-widget elementor-widget-image\" data-id=\"3d12704\" data-element_type=\"widget\" data-widget_type=\"image.default\">\n\t\t\t\t<div class=\"elementor-widget-container\">\n\t\t\t\t\t\t\t\t\t\t\t\t\t\t\t<img fetchpriority=\"high\" decoding=\"async\" width=\"646\" height=\"969\" src=\"https:\/\/acaidoforte.com\/wp-content\/uploads\/2023\/06\/image.png\" class=\"attachment-large size-large wp-image-814\" alt=\"\" srcset=\"https:\/\/acaidoforte.com\/wp-content\/uploads\/2023\/06\/image.png 646w, https:\/\/acaidoforte.com\/wp-content\/uploads\/2023\/06\/image-200x300.png 200w, https:\/\/acaidoforte.com\/wp-content\/uploads\/2023\/06\/image-8x12.png 8w\" sizes=\"(max-width: 646px) 100vw, 646px\" style=\"width:100%;height:150%;max-width:646px\" \/>\t\t\t\t\t\t\t\t\t\t\t\t\t\t\t<\/div>\n\t\t\t\t<\/div>\n\t\t\t\t\t<\/div>\n\t\t<\/div>\n\t\t\t\t\t<\/div>\n\t\t<\/section>\n\t\t\t\t\t<\/div>\n\t\t<\/div>\n\t\t\t\t\t<\/div>\n\t\t<\/section>\n\t\t\t\t<section class=\"elementor-section elementor-top-section elementor-element elementor-element-0365851 elementor-section-boxed elementor-section-height-default elementor-section-height-default\" data-id=\"0365851\" data-element_type=\"section\" data-settings=\"{&quot;background_background&quot;:&quot;classic&quot;,&quot;jet_parallax_layout_list&quot;:[]}\">\n\t\t\t\t\t\t\t<div class=\"elementor-background-overlay\"><\/div>\n\t\t\t\t\t\t\t<div class=\"elementor-container elementor-column-gap-default\">\n\t\t\t\t\t<div class=\"elementor-column elementor-col-50 elementor-top-column elementor-element elementor-element-4eada50\" data-id=\"4eada50\" data-element_type=\"column\">\n\t\t\t<div class=\"elementor-widget-wrap elementor-element-populated\">\n\t\t\t\t\t\t<section class=\"elementor-section elementor-inner-section elementor-element elementor-element-c70fb02 elementor-section-boxed elementor-section-height-default elementor-section-height-default\" data-id=\"c70fb02\" data-element_type=\"section\" data-settings=\"{&quot;jet_parallax_layout_list&quot;:[]}\">\n\t\t\t\t\t\t<div class=\"elementor-container elementor-column-gap-default\">\n\t\t\t\t\t<div class=\"elementor-column elementor-col-50 elementor-inner-column elementor-element elementor-element-a768ba5\" data-id=\"a768ba5\" data-element_type=\"column\">\n\t\t\t<div class=\"elementor-widget-wrap elementor-element-populated\">\n\t\t\t\t\t\t<div class=\"elementor-element elementor-element-f1edbaf elementor-widget elementor-widget-image\" data-id=\"f1edbaf\" data-element_type=\"widget\" data-widget_type=\"image.default\">\n\t\t\t\t<div class=\"elementor-widget-container\">\n\t\t\t\t\t\t\t\t\t\t\t\t\t\t\t<img decoding=\"async\" width=\"616\" height=\"1024\" src=\"https:\/\/acaidoforte.com\/wp-content\/uploads\/2023\/07\/WhatsApp-Image-2023-06-28-at-07.33.06-1.jpeg\" class=\"attachment-full size-full wp-image-1000\" alt=\"\" srcset=\"https:\/\/acaidoforte.com\/wp-content\/uploads\/2023\/07\/WhatsApp-Image-2023-06-28-at-07.33.06-1.jpeg 616w, https:\/\/acaidoforte.com\/wp-content\/uploads\/2023\/07\/WhatsApp-Image-2023-06-28-at-07.33.06-1-180x300.jpeg 180w, https:\/\/acaidoforte.com\/wp-content\/uploads\/2023\/07\/WhatsApp-Image-2023-06-28-at-07.33.06-1-7x12.jpeg 7w\" sizes=\"(max-width: 616px) 100vw, 616px\" style=\"width:100%;height:166.23%;max-width:616px\" \/>\t\t\t\t\t\t\t\t\t\t\t\t\t\t\t<\/div>\n\t\t\t\t<\/div>\n\t\t\t\t\t<\/div>\n\t\t<\/div>\n\t\t\t\t<div class=\"elementor-column elementor-col-50 elementor-inner-column elementor-element elementor-element-de47a2e\" data-id=\"de47a2e\" data-element_type=\"column\">\n\t\t\t<div class=\"elementor-widget-wrap elementor-element-populated\">\n\t\t\t\t\t\t<div class=\"elementor-element elementor-element-9826cd2 elementor-widget elementor-widget-image\" data-id=\"9826cd2\" data-element_type=\"widget\" data-widget_type=\"image.default\">\n\t\t\t\t<div class=\"elementor-widget-container\">\n\t\t\t\t\t\t\t\t\t\t\t\t\t\t\t<img decoding=\"async\" width=\"709\" height=\"1024\" src=\"https:\/\/acaidoforte.com\/wp-content\/uploads\/2023\/07\/WhatsApp-Image-2023-06-28-at-07.33.06.jpeg\" class=\"attachment-full size-full wp-image-999\" alt=\"\" srcset=\"https:\/\/acaidoforte.com\/wp-content\/uploads\/2023\/07\/WhatsApp-Image-2023-06-28-at-07.33.06.jpeg 709w, https:\/\/acaidoforte.com\/wp-content\/uploads\/2023\/07\/WhatsApp-Image-2023-06-28-at-07.33.06-208x300.jpeg 208w, https:\/\/acaidoforte.com\/wp-content\/uploads\/2023\/07\/WhatsApp-Image-2023-06-28-at-07.33.06-8x12.jpeg 8w\" sizes=\"(max-width: 709px) 100vw, 709px\" style=\"width:100%;height:144.43%;max-width:709px\" \/>\t\t\t\t\t\t\t\t\t\t\t\t\t\t\t<\/div>\n\t\t\t\t<\/div>\n\t\t\t\t\t<\/div>\n\t\t<\/div>\n\t\t\t\t\t<\/div>\n\t\t<\/section>\n\t\t\t\t\t<\/div>\n\t\t<\/div>\n\t\t\t\t<div class=\"elementor-column elementor-col-50 elementor-top-column elementor-element elementor-element-87b2150\" data-id=\"87b2150\" data-element_type=\"column\">\n\t\t\t<div class=\"elementor-widget-wrap elementor-element-populated\">\n\t\t\t\t\t\t<div class=\"elementor-element elementor-element-c244a98 elementor-widget elementor-widget-text-editor\" data-id=\"c244a98\" data-element_type=\"widget\" data-widget_type=\"text-editor.default\">\n\t\t\t\t<div class=\"elementor-widget-container\">\n\t\t\t\t\t\t\t\t\tA palavra A\u00e7a\u00ed nasceu de uma lenda ind\u00edgena. Atravessou fronteiras e chegou ao Rio de Janeiro. Hoje, a lenda responde pelo nome de A\u00e7a\u00ed do Forte. Pode tornar a vida mais leve, mais doce, mais feliz. A\u00e7a\u00ed n\u00e3o \u00e9 s\u00f3 fruta: \u00e9 cultura popular, diversidade e hist\u00f3ria. \u00c9, tamb\u00e9m, hist\u00f3rias compartilhadas \u00e0 beira mar, ou do outro lado do Atl\u00e2ntico. \u00c9 gostinho de quero mais, de ver a vida de um jeito leve e desfrutar do que temos de\nmelhor. \u00c9 a felicidade que cabe no pote.\t\t\t\t\t\t\t\t<\/div>\n\t\t\t\t<\/div>\n\t\t\t\t<div class=\"elementor-element elementor-element-b3e67b9 elementor-widget elementor-widget-text-editor\" data-id=\"b3e67b9\" data-element_type=\"widget\" data-widget_type=\"text-editor.default\">\n\t\t\t\t<div class=\"elementor-widget-container\">\n\t\t\t\t\t\t\t\t\tA\u00c7A\u00cd DO FORTE. QUEM PROVA QUER SEMPRE MAIS.\t\t\t\t\t\t\t\t<\/div>\n\t\t\t\t<\/div>\n\t\t\t\t<div class=\"elementor-element elementor-element-4fff0c1 elementor-align-left elementor-mobile-align-justify elementor-widget elementor-widget-button\" data-id=\"4fff0c1\" data-element_type=\"widget\" data-widget_type=\"button.default\">\n\t\t\t\t<div class=\"elementor-widget-container\">\n\t\t\t\t\t\t\t\t\t<div class=\"elementor-button-wrapper\">\n\t\t\t\t\t<a class=\"elementor-button elementor-button-link elementor-size-lg\" href=\"https:\/\/acaidoforte.com\/pt\/blog\/\">\n\t\t\t\t\t\t<span class=\"elementor-button-content-wrapper\">\n\t\t\t\t\t\t\t\t\t<span class=\"elementor-button-text\">Conhe\u00e7a nosso blog<\/span>\n\t\t\t\t\t<\/span>\n\t\t\t\t\t<\/a>\n\t\t\t\t<\/div>\n\t\t\t\t\t\t\t\t<\/div>\n\t\t\t\t<\/div>\n\t\t\t\t\t<\/div>\n\t\t<\/div>\n\t\t\t\t\t<\/div>\n\t\t<\/section>\n\t\t\t\t<\/div>","protected":false},"excerpt":{"rendered":"<p>NOSSA HIST\u00d3RIA O A\u00e7a\u00ed do Forte nasceu em 2005 nas areias da Praia do Forte, em Cabo Frio, Rio de Janeiro. Atrav\u00e9s da venda de UM potinho de A\u00e7a\u00ed, nos transformamos na Melhor rede A\u00e7a\u00ed do Brasil. A for\u00e7a do nosso produto Premium possibilitou ao A\u00e7a\u00ed do Forte, em pouco tempo, expandir para mais de&hellip; <a class=\"more-link\" href=\"https:\/\/acaidoforte.com\/pt\/nossa-historia\/\">Continue a ler <span class=\"screen-reader-text\">Nossa hist\u00f3ria<\/span><\/a><\/p>","protected":false},"author":1,"featured_media":0,"parent":0,"menu_order":0,"comment_status":"closed","ping_status":"closed","template":"elementor_header_footer","meta":{"cybocfi_hide_featured_image":"","footnotes":""},"class_list":["post-15","page","type-page","status-publish","hentry","entry"],"_links":{"self":[{"href":"https:\/\/acaidoforte.com\/pt\/wp-json\/wp\/v2\/pages\/15","targetHints":{"allow":["GET"]}}],"collection":[{"href":"https:\/\/acaidoforte.com\/pt\/wp-json\/wp\/v2\/pages"}],"about":[{"href":"https:\/\/acaidoforte.com\/pt\/wp-json\/wp\/v2\/types\/page"}],"author":[{"embeddable":true,"href":"https:\/\/acaidoforte.com\/pt\/wp-json\/wp\/v2\/users\/1"}],"replies":[{"embeddable":true,"href":"https:\/\/acaidoforte.com\/pt\/wp-json\/wp\/v2\/comments?post=15"}],"version-history":[{"count":5,"href":"https:\/\/acaidoforte.com\/pt\/wp-json\/wp\/v2\/pages\/15\/revisions"}],"predecessor-version":[{"id":1298,"href":"https:\/\/acaidoforte.com\/pt\/wp-json\/wp\/v2\/pages\/15\/revisions\/1298"}],"wp:attachment":[{"href":"https:\/\/acaidoforte.com\/pt\/wp-json\/wp\/v2\/media?parent=15"}],"curies":[{"name":"wp","href":"https:\/\/api.w.org\/{rel}","templated":true}]}}