{"id":25,"date":"2023-04-14T11:21:37","date_gmt":"2023-04-14T14:21:37","guid":{"rendered":"https:\/\/acaidoforte.com\/?page_id=25"},"modified":"2024-11-27T11:12:04","modified_gmt":"2024-11-27T14:12:04","slug":"modelo-de-franquia","status":"publish","type":"page","link":"https:\/\/acaidoforte.com\/pt\/modelo-de-franquia\/","title":{"rendered":"Modelo de Franquia"},"content":{"rendered":"<div data-elementor-type=\"wp-page\" data-elementor-id=\"25\" class=\"elementor elementor-25\" data-elementor-post-type=\"page\">\n\t\t\t\t\t\t<section class=\"elementor-section elementor-top-section elementor-element elementor-element-78f994e elementor-section-boxed elementor-section-height-default elementor-section-height-default\" data-id=\"78f994e\" data-element_type=\"section\" data-settings=\"{&quot;background_background&quot;:&quot;classic&quot;,&quot;jet_parallax_layout_list&quot;:[]}\">\n\t\t\t\t\t\t\t<div class=\"elementor-background-overlay\"><\/div>\n\t\t\t\t\t\t\t<div class=\"elementor-container elementor-column-gap-default\">\n\t\t\t\t\t<div class=\"elementor-column elementor-col-100 elementor-top-column elementor-element elementor-element-5968bbc\" data-id=\"5968bbc\" data-element_type=\"column\">\n\t\t\t<div class=\"elementor-widget-wrap elementor-element-populated\">\n\t\t\t\t\t\t<div class=\"elementor-element elementor-element-466a562 elementor-widget elementor-widget-heading\" data-id=\"466a562\" data-element_type=\"widget\" data-widget_type=\"heading.default\">\n\t\t\t\t<div class=\"elementor-widget-container\">\n\t\t\t\t\t<h2 class=\"elementor-heading-title elementor-size-default\">MODELO DE FRANQUIA<\/h2>\t\t\t\t<\/div>\n\t\t\t\t<\/div>\n\t\t\t\t<div class=\"elementor-element elementor-element-e60d6f7 elementor-widget elementor-widget-heading\" data-id=\"e60d6f7\" data-element_type=\"widget\" data-widget_type=\"heading.default\">\n\t\t\t\t<div class=\"elementor-widget-container\">\n\t\t\t\t\t<h2 class=\"elementor-heading-title elementor-size-default\">CONHE\u00c7A OS NOSSOS MODELOS DE FRANQUIA E ESCOLHA A QUE COMBINA COM\nVOC\u00ca:<\/h2>\t\t\t\t<\/div>\n\t\t\t\t<\/div>\n\t\t\t\t\t<\/div>\n\t\t<\/div>\n\t\t\t\t\t<\/div>\n\t\t<\/section>\n\t\t\t\t<section class=\"elementor-section elementor-top-section elementor-element elementor-element-88163d3 elementor-section-boxed elementor-section-height-default elementor-section-height-default\" data-id=\"88163d3\" data-element_type=\"section\" data-settings=\"{&quot;background_background&quot;:&quot;classic&quot;,&quot;jet_parallax_layout_list&quot;:[]}\">\n\t\t\t\t\t\t<div class=\"elementor-container elementor-column-gap-default\">\n\t\t\t\t\t<div class=\"elementor-column elementor-col-50 elementor-top-column elementor-element elementor-element-01e1b6b\" data-id=\"01e1b6b\" data-element_type=\"column\">\n\t\t\t<div class=\"elementor-widget-wrap elementor-element-populated\">\n\t\t\t\t\t\t<div class=\"elementor-element elementor-element-835bada elementor-widget elementor-widget-image\" data-id=\"835bada\" data-element_type=\"widget\" data-widget_type=\"image.default\">\n\t\t\t\t<div class=\"elementor-widget-container\">\n\t\t\t\t\t\t\t\t\t\t\t\t\t\t\t<img fetchpriority=\"high\" decoding=\"async\" width=\"750\" height=\"500\" src=\"https:\/\/acaidoforte.com\/wp-content\/uploads\/2023\/04\/QUIOSQUE-1024x683.jpg\" class=\"attachment-large size-large wp-image-190\" alt=\"\" srcset=\"https:\/\/acaidoforte.com\/wp-content\/uploads\/2023\/04\/QUIOSQUE-1024x683.jpg 1024w, https:\/\/acaidoforte.com\/wp-content\/uploads\/2023\/04\/QUIOSQUE-300x200.jpg 300w, https:\/\/acaidoforte.com\/wp-content\/uploads\/2023\/04\/QUIOSQUE-768x512.jpg 768w, https:\/\/acaidoforte.com\/wp-content\/uploads\/2023\/04\/QUIOSQUE-1536x1024.jpg 1536w, https:\/\/acaidoforte.com\/wp-content\/uploads\/2023\/04\/QUIOSQUE-1568x1045.jpg 1568w, https:\/\/acaidoforte.com\/wp-content\/uploads\/2023\/04\/QUIOSQUE.jpg 1620w\" sizes=\"(max-width: 750px) 100vw, 750px\" style=\"width:100%;height:66.67%;max-width:1620px\" \/>\t\t\t\t\t\t\t\t\t\t\t\t\t\t\t<\/div>\n\t\t\t\t<\/div>\n\t\t\t\t\t<\/div>\n\t\t<\/div>\n\t\t\t\t<div class=\"elementor-column elementor-col-50 elementor-top-column elementor-element elementor-element-ef870ee\" data-id=\"ef870ee\" data-element_type=\"column\">\n\t\t\t<div class=\"elementor-widget-wrap elementor-element-populated\">\n\t\t\t\t\t\t<div class=\"elementor-element elementor-element-4fe526e elementor-widget elementor-widget-heading\" data-id=\"4fe526e\" data-element_type=\"widget\" data-widget_type=\"heading.default\">\n\t\t\t\t<div class=\"elementor-widget-container\">\n\t\t\t\t\t<h2 class=\"elementor-heading-title elementor-size-default\">QUIOSQUE<\/h2>\t\t\t\t<\/div>\n\t\t\t\t<\/div>\n\t\t\t\t<div class=\"elementor-element elementor-element-d2444e7 elementor-widget elementor-widget-text-editor\" data-id=\"d2444e7\" data-element_type=\"widget\" data-widget_type=\"text-editor.default\">\n\t\t\t\t<div class=\"elementor-widget-container\">\n\t\t\t\t\t\t\t\t\tEstrutura f\u00e1cil para adequa\u00e7\u00e3o em qualquer ambiente<br>\n<b>Investimento:<\/b> A partir de R$ 120.000,00<br>\n<b>\u00c1rea:<\/b> A partir de 6m\u00b2<\/br>\n<b>Ideal:<\/b> Shoppings, rodovi\u00e1rias, universidades e \u00e1reas comerciais.<br>\n<b>Pay back:<\/b> 18 a 24 meses<br>\n<b>Rentabilidade:<\/b> 20 a 25%\n\t\t\t\t\t\t\t\t<\/div>\n\t\t\t\t<\/div>\n\t\t\t\t<div class=\"elementor-element elementor-element-09d3381 elementor-align-left elementor-widget elementor-widget-button\" data-id=\"09d3381\" data-element_type=\"widget\" data-widget_type=\"button.default\">\n\t\t\t\t<div class=\"elementor-widget-container\">\n\t\t\t\t\t\t\t\t\t<div class=\"elementor-button-wrapper\">\n\t\t\t\t\t<a class=\"elementor-button elementor-button-link elementor-size-sm\" href=\"https:\/\/acaidoforte.com\/pt\/quero-ser-um-franqueado\/#micro-franquia\">\n\t\t\t\t\t\t<span class=\"elementor-button-content-wrapper\">\n\t\t\t\t\t\t\t\t\t<span class=\"elementor-button-text\">Seja um franqueado<\/span>\n\t\t\t\t\t<\/span>\n\t\t\t\t\t<\/a>\n\t\t\t\t<\/div>\n\t\t\t\t\t\t\t\t<\/div>\n\t\t\t\t<\/div>\n\t\t\t\t\t<\/div>\n\t\t<\/div>\n\t\t\t\t\t<\/div>\n\t\t<\/section>\n\t\t\t\t<section class=\"elementor-section elementor-top-section elementor-element elementor-element-fcfed7c elementor-section-boxed elementor-section-height-default elementor-section-height-default\" data-id=\"fcfed7c\" data-element_type=\"section\" data-settings=\"{&quot;background_background&quot;:&quot;classic&quot;,&quot;shape_divider_top&quot;:&quot;waves&quot;,&quot;jet_parallax_layout_list&quot;:[]}\">\n\t\t\t\t\t<div class=\"elementor-shape elementor-shape-top\" data-negative=\"false\">\n\t\t\t<svg xmlns=\"http:\/\/www.w3.org\/2000\/svg\" viewbox=\"0 0 1000 100\" preserveaspectratio=\"none\">\n\t<path class=\"elementor-shape-fill\" d=\"M421.9,6.5c22.6-2.5,51.5,0.4,75.5,5.3c23.6,4.9,70.9,23.5,100.5,35.7c75.8,32.2,133.7,44.5,192.6,49.7\tc23.6,2.1,48.7,3.5,103.4-2.5c54.7-6,106.2-25.6,106.2-25.6V0H0v30.3c0,0,72,32.6,158.4,30.5c39.2-0.7,92.8-6.7,134-22.4\tc21.2-8.1,52.2-18.2,79.7-24.2C399.3,7.9,411.6,7.5,421.9,6.5z\"\/>\n<\/svg>\t\t<\/div>\n\t\t\t\t\t<div class=\"elementor-container elementor-column-gap-default\">\n\t\t\t\t\t<div class=\"elementor-column elementor-col-50 elementor-top-column elementor-element elementor-element-28cde4f\" data-id=\"28cde4f\" data-element_type=\"column\">\n\t\t\t<div class=\"elementor-widget-wrap elementor-element-populated\">\n\t\t\t\t\t\t<div class=\"elementor-element elementor-element-d07a39e elementor-widget__width-initial elementor-widget elementor-widget-image\" data-id=\"d07a39e\" data-element_type=\"widget\" data-widget_type=\"image.default\">\n\t\t\t\t<div class=\"elementor-widget-container\">\n\t\t\t\t\t\t\t\t\t\t\t\t\t\t\t<img decoding=\"async\" width=\"750\" height=\"1000\" src=\"https:\/\/acaidoforte.com\/wp-content\/uploads\/2023\/07\/IMG_5238-768x1024.jpg\" class=\"attachment-large size-large wp-image-1150\" alt=\"\" srcset=\"https:\/\/acaidoforte.com\/wp-content\/uploads\/2023\/07\/IMG_5238-768x1024.jpg 768w, https:\/\/acaidoforte.com\/wp-content\/uploads\/2023\/07\/IMG_5238-225x300.jpg 225w, https:\/\/acaidoforte.com\/wp-content\/uploads\/2023\/07\/IMG_5238-1152x1536.jpg 1152w, https:\/\/acaidoforte.com\/wp-content\/uploads\/2023\/07\/IMG_5238-9x12.jpg 9w, https:\/\/acaidoforte.com\/wp-content\/uploads\/2023\/07\/IMG_5238.jpg 1200w\" sizes=\"(max-width: 750px) 100vw, 750px\" style=\"width:100%;height:133.33%;max-width:1200px\" \/>\t\t\t\t\t\t\t\t\t\t\t\t\t\t\t<\/div>\n\t\t\t\t<\/div>\n\t\t\t\t\t<\/div>\n\t\t<\/div>\n\t\t\t\t<div class=\"elementor-column elementor-col-50 elementor-top-column elementor-element elementor-element-c78eda2\" data-id=\"c78eda2\" data-element_type=\"column\">\n\t\t\t<div class=\"elementor-widget-wrap elementor-element-populated\">\n\t\t\t\t\t\t<div class=\"elementor-element elementor-element-1d496b3 elementor-widget elementor-widget-heading\" data-id=\"1d496b3\" data-element_type=\"widget\" data-widget_type=\"heading.default\">\n\t\t\t\t<div class=\"elementor-widget-container\">\n\t\t\t\t\t<h2 class=\"elementor-heading-title elementor-size-default\">LOJA EXPRESS<\/h2>\t\t\t\t<\/div>\n\t\t\t\t<\/div>\n\t\t\t\t<div class=\"elementor-element elementor-element-bf4921c elementor-widget elementor-widget-text-editor\" data-id=\"bf4921c\" data-element_type=\"widget\" data-widget_type=\"text-editor.default\">\n\t\t\t\t<div class=\"elementor-widget-container\">\n\t\t\t\t\t\t\t\t\tModelo de loja planejada para pedidos r\u00e1pidos e take away<br>\n<b>Investimento:<\/b> A partir de R$ 100.000,00<br>\n<b>\u00c1rea:<\/b> A partir de 30m\u00b2<br>\n<b>Ideal:<\/b> Cidades e bairros com demanda e potencial de venda.<br>\n<b>Payback:<\/b> 18 a 24 meses<br>\n<b>Rentabilidade:<\/b> 20 a 25%\n\t\t\t\t\t\t\t\t<\/div>\n\t\t\t\t<\/div>\n\t\t\t\t<div class=\"elementor-element elementor-element-b37907f elementor-align-left elementor-widget elementor-widget-button\" data-id=\"b37907f\" data-element_type=\"widget\" data-widget_type=\"button.default\">\n\t\t\t\t<div class=\"elementor-widget-container\">\n\t\t\t\t\t\t\t\t\t<div class=\"elementor-button-wrapper\">\n\t\t\t\t\t<a class=\"elementor-button elementor-button-link elementor-size-sm\" href=\"https:\/\/acaidoforte.com\/pt\/quero-ser-um-franqueado\/#micro-franquia\">\n\t\t\t\t\t\t<span class=\"elementor-button-content-wrapper\">\n\t\t\t\t\t\t\t\t\t<span class=\"elementor-button-text\">Seja um franqueado<\/span>\n\t\t\t\t\t<\/span>\n\t\t\t\t\t<\/a>\n\t\t\t\t<\/div>\n\t\t\t\t\t\t\t\t<\/div>\n\t\t\t\t<\/div>\n\t\t\t\t\t<\/div>\n\t\t<\/div>\n\t\t\t\t\t<\/div>\n\t\t<\/section>\n\t\t\t\t<section class=\"elementor-section elementor-top-section elementor-element elementor-element-be9a896 elementor-section-boxed elementor-section-height-default elementor-section-height-default\" data-id=\"be9a896\" data-element_type=\"section\" data-settings=\"{&quot;background_background&quot;:&quot;classic&quot;,&quot;jet_parallax_layout_list&quot;:[]}\">\n\t\t\t\t\t\t\t<div class=\"elementor-background-overlay\"><\/div>\n\t\t\t\t\t\t\t<div class=\"elementor-container elementor-column-gap-default\">\n\t\t\t\t\t<div class=\"elementor-column elementor-col-50 elementor-top-column elementor-element elementor-element-30f0ba8\" data-id=\"30f0ba8\" data-element_type=\"column\">\n\t\t\t<div class=\"elementor-widget-wrap elementor-element-populated\">\n\t\t\t\t\t\t<div class=\"elementor-element elementor-element-09163e7 elementor-widget elementor-widget-image\" data-id=\"09163e7\" data-element_type=\"widget\" data-widget_type=\"image.default\">\n\t\t\t\t<div class=\"elementor-widget-container\">\n\t\t\t\t\t\t\t\t\t\t\t\t\t\t\t<img decoding=\"async\" width=\"750\" height=\"500\" src=\"https:\/\/acaidoforte.com\/wp-content\/uploads\/2023\/06\/DSC_0007-1024x683.jpg\" class=\"attachment-large size-large wp-image-846\" alt=\"\" srcset=\"https:\/\/acaidoforte.com\/wp-content\/uploads\/2023\/06\/DSC_0007-1024x683.jpg 1024w, https:\/\/acaidoforte.com\/wp-content\/uploads\/2023\/06\/DSC_0007-300x200.jpg 300w, https:\/\/acaidoforte.com\/wp-content\/uploads\/2023\/06\/DSC_0007-768x512.jpg 768w, https:\/\/acaidoforte.com\/wp-content\/uploads\/2023\/06\/DSC_0007-1536x1024.jpg 1536w, https:\/\/acaidoforte.com\/wp-content\/uploads\/2023\/06\/DSC_0007-2048x1365.jpg 2048w, https:\/\/acaidoforte.com\/wp-content\/uploads\/2023\/06\/DSC_0007-18x12.jpg 18w, https:\/\/acaidoforte.com\/wp-content\/uploads\/2023\/06\/DSC_0007-1568x1045.jpg 1568w\" sizes=\"(max-width: 750px) 100vw, 750px\" style=\"width:100%;height:66.68%;max-width:2560px\" \/>\t\t\t\t\t\t\t\t\t\t\t\t\t\t\t<\/div>\n\t\t\t\t<\/div>\n\t\t\t\t\t<\/div>\n\t\t<\/div>\n\t\t\t\t<div class=\"elementor-column elementor-col-50 elementor-top-column elementor-element elementor-element-adb68a4\" data-id=\"adb68a4\" data-element_type=\"column\">\n\t\t\t<div class=\"elementor-widget-wrap elementor-element-populated\">\n\t\t\t\t\t\t<div class=\"elementor-element elementor-element-76afea9 elementor-widget elementor-widget-heading\" data-id=\"76afea9\" data-element_type=\"widget\" data-widget_type=\"heading.default\">\n\t\t\t\t<div class=\"elementor-widget-container\">\n\t\t\t\t\t<h2 class=\"elementor-heading-title elementor-size-default\">LOJA CONCEITO<\/h2>\t\t\t\t<\/div>\n\t\t\t\t<\/div>\n\t\t\t\t<div class=\"elementor-element elementor-element-67c3761 elementor-widget elementor-widget-text-editor\" data-id=\"67c3761\" data-element_type=\"widget\" data-widget_type=\"text-editor.default\">\n\t\t\t\t<div class=\"elementor-widget-container\">\n\t\t\t\t\t\t\t\t\tModelo de loja confort\u00e1vel, com ambiente aconchegante. Loja planejada para ser ponto de encontro do cliente.<br>\n<b>Investimento:<\/b> A partir de R$ 130.000,00<br>\n<b>\u00c1rea:<\/b> A partir de 40m\u00b2<br>\n<b>Ideal:<\/b> Shopping, ruas e galerias.<br>\n<b>Payback:<\/b> 18 a 24 meses<br>\n<b>Rentabilidade:<\/b>\u00a020\u00a0a\u00a025%\t\t\t\t\t\t\t\t<\/div>\n\t\t\t\t<\/div>\n\t\t\t\t<div class=\"elementor-element elementor-element-6675d30 elementor-align-left elementor-widget elementor-widget-button\" data-id=\"6675d30\" data-element_type=\"widget\" data-widget_type=\"button.default\">\n\t\t\t\t<div class=\"elementor-widget-container\">\n\t\t\t\t\t\t\t\t\t<div class=\"elementor-button-wrapper\">\n\t\t\t\t\t<a class=\"elementor-button elementor-button-link elementor-size-sm\" href=\"https:\/\/acaidoforte.com\/pt\/quero-ser-um-franqueado\/#micro-franquia\">\n\t\t\t\t\t\t<span class=\"elementor-button-content-wrapper\">\n\t\t\t\t\t\t\t\t\t<span class=\"elementor-button-text\">Seja um franqueado<\/span>\n\t\t\t\t\t<\/span>\n\t\t\t\t\t<\/a>\n\t\t\t\t<\/div>\n\t\t\t\t\t\t\t\t<\/div>\n\t\t\t\t<\/div>\n\t\t\t\t\t<\/div>\n\t\t<\/div>\n\t\t\t\t\t<\/div>\n\t\t<\/section>\n\t\t\t\t<\/div>","protected":false},"excerpt":{"rendered":"<p>MODELO DE FRANQUIA CONHE\u00c7A OS NOSSOS MODELOS DE FRANQUIA E ESCOLHA A QUE COMBINA COM VOC\u00ca: QUIOSQUE Estrutura f\u00e1cil para adequa\u00e7\u00e3o em qualquer ambiente Investimento: A partir de R$ 120.000,00 \u00c1rea: A partir de 6m\u00b2 Ideal: Shoppings, rodovi\u00e1rias, universidades e \u00e1reas comerciais. Pay back: 18 a 24 meses Rentabilidade: 20 a 25% Seja um franqueado&hellip; <a class=\"more-link\" href=\"https:\/\/acaidoforte.com\/pt\/modelo-de-franquia\/\">Continue a ler <span class=\"screen-reader-text\">Modelo de Franquia<\/span><\/a><\/p>","protected":false},"author":1,"featured_media":0,"parent":0,"menu_order":0,"comment_status":"closed","ping_status":"closed","template":"elementor_header_footer","meta":{"cybocfi_hide_featured_image":"","footnotes":""},"class_list":["post-25","page","type-page","status-publish","hentry","entry"],"_links":{"self":[{"href":"https:\/\/acaidoforte.com\/pt\/wp-json\/wp\/v2\/pages\/25","targetHints":{"allow":["GET"]}}],"collection":[{"href":"https:\/\/acaidoforte.com\/pt\/wp-json\/wp\/v2\/pages"}],"about":[{"href":"https:\/\/acaidoforte.com\/pt\/wp-json\/wp\/v2\/types\/page"}],"author":[{"embeddable":true,"href":"https:\/\/acaidoforte.com\/pt\/wp-json\/wp\/v2\/users\/1"}],"replies":[{"embeddable":true,"href":"https:\/\/acaidoforte.com\/pt\/wp-json\/wp\/v2\/comments?post=25"}],"version-history":[{"count":8,"href":"https:\/\/acaidoforte.com\/pt\/wp-json\/wp\/v2\/pages\/25\/revisions"}],"predecessor-version":[{"id":1500,"href":"https:\/\/acaidoforte.com\/pt\/wp-json\/wp\/v2\/pages\/25\/revisions\/1500"}],"wp:attachment":[{"href":"https:\/\/acaidoforte.com\/pt\/wp-json\/wp\/v2\/media?parent=25"}],"curies":[{"name":"wp","href":"https:\/\/api.w.org\/{rel}","templated":true}]}}