{"id":807,"date":"2023-06-20T08:55:04","date_gmt":"2023-06-20T11:55:04","guid":{"rendered":"https:\/\/acaidoforte.com\/?page_id=807"},"modified":"2026-01-02T20:30:04","modified_gmt":"2026-01-02T23:30:04","slug":"blog","status":"publish","type":"page","link":"https:\/\/acaidoforte.com\/pt\/blog\/","title":{"rendered":"Blog"},"content":{"rendered":"<div data-elementor-type=\"wp-page\" data-elementor-id=\"807\" class=\"elementor elementor-807\" data-elementor-post-type=\"page\">\n\t\t\t\t\t\t<section class=\"elementor-section elementor-top-section elementor-element elementor-element-4a7a3fc elementor-section-boxed elementor-section-height-default elementor-section-height-default\" data-id=\"4a7a3fc\" data-element_type=\"section\" data-settings=\"{&quot;background_background&quot;:&quot;classic&quot;,&quot;jet_parallax_layout_list&quot;:[]}\">\n\t\t\t\t\t\t\t<div class=\"elementor-background-overlay\"><\/div>\n\t\t\t\t\t\t\t<div class=\"elementor-container elementor-column-gap-default\">\n\t\t\t\t\t<div class=\"elementor-column elementor-col-100 elementor-top-column elementor-element elementor-element-9d56162\" data-id=\"9d56162\" data-element_type=\"column\">\n\t\t\t<div class=\"elementor-widget-wrap elementor-element-populated\">\n\t\t\t\t\t\t<div class=\"elementor-element elementor-element-352371c elementor-widget elementor-widget-heading\" data-id=\"352371c\" data-element_type=\"widget\" data-widget_type=\"heading.default\">\n\t\t\t\t<div class=\"elementor-widget-container\">\n\t\t\t\t\t<h2 class=\"elementor-heading-title elementor-size-default\">Nosso blog<\/h2>\t\t\t\t<\/div>\n\t\t\t\t<\/div>\n\t\t\t\t<div class=\"elementor-element elementor-element-c118bad elementor-widget elementor-widget-heading\" data-id=\"c118bad\" data-element_type=\"widget\" data-widget_type=\"heading.default\">\n\t\t\t\t<div class=\"elementor-widget-container\">\n\t\t\t\t\t<h2 class=\"elementor-heading-title elementor-size-default\">Confira nossos artigos para lhe ajudar a consumir o melhor a\u00e7a\u00ed do mundo<\/h2>\t\t\t\t<\/div>\n\t\t\t\t<\/div>\n\t\t\t\t\t<\/div>\n\t\t<\/div>\n\t\t\t\t\t<\/div>\n\t\t<\/section>\n\t\t\t\t<section class=\"elementor-section elementor-top-section elementor-element elementor-element-2dd94e1 elementor-section-boxed elementor-section-height-default elementor-section-height-default\" data-id=\"2dd94e1\" data-element_type=\"section\" data-settings=\"{&quot;jet_parallax_layout_list&quot;:[]}\">\n\t\t\t\t\t\t<div class=\"elementor-container elementor-column-gap-default\">\n\t\t\t\t\t<div class=\"elementor-column elementor-col-50 elementor-top-column elementor-element elementor-element-caa6a60\" data-id=\"caa6a60\" data-element_type=\"column\">\n\t\t\t<div class=\"elementor-widget-wrap elementor-element-populated\">\n\t\t\t\t\t\t<div class=\"elementor-element elementor-element-ee10413 elementor-cta--skin-classic elementor-animated-content elementor-bg-transform elementor-bg-transform-zoom-in elementor-widget elementor-widget-call-to-action\" data-id=\"ee10413\" data-element_type=\"widget\" data-widget_type=\"call-to-action.default\">\n\t\t\t\t<div class=\"elementor-widget-container\">\n\t\t\t\t\t\t\t<div class=\"elementor-cta\">\n\t\t\t\t\t<div class=\"elementor-cta__bg-wrapper\">\n\t\t\t\t<div class=\"elementor-cta__bg elementor-bg\" style=\"background-image: url(https:\/\/acaidoforte.com\/wp-content\/uploads\/2023\/05\/envelhecimento.webp);\" role=\"img\" aria-label=\"envelhecimento\"><\/div>\n\t\t\t\t<div class=\"elementor-cta__bg-overlay\"><\/div>\n\t\t\t<\/div>\n\t\t\t\t\t\t\t<div class=\"elementor-cta__content\">\n\t\t\t\t\n\t\t\t\t\t\t\t\t\t<h2 class=\"elementor-cta__title elementor-cta__content-item elementor-content-item\">\n\t\t\t\t\t\tVoc\u00ea j\u00e1 conhece os benef\u00edcios do a\u00e7a\u00ed?\t\t\t\t\t<\/h2>\n\t\t\t\t\n\t\t\t\t\n\t\t\t\t\t\t\t\t\t<div class=\"elementor-cta__button-wrapper elementor-cta__content-item elementor-content-item\">\n\t\t\t\t\t<a class=\"elementor-cta__button elementor-button elementor-size-md\" href=\"https:\/\/acaidoforte.com\/pt\/beneficios-do-acai\/\">\n\t\t\t\t\t\tClique e saiba mais\t\t\t\t\t<\/a>\n\t\t\t\t\t<\/div>\n\t\t\t\t\t\t\t<\/div>\n\t\t\t\t\t\t\t<div class=\"elementor-ribbon\">\n\t\t\t\t<div class=\"elementor-ribbon-inner\">Recomendado<\/div>\n\t\t\t<\/div>\n\t\t\t\t<\/div>\n\t\t\t\t\t\t<\/div>\n\t\t\t\t<\/div>\n\t\t\t\t\t<\/div>\n\t\t<\/div>\n\t\t\t\t<div class=\"elementor-column elementor-col-50 elementor-top-column elementor-element elementor-element-4c33519\" data-id=\"4c33519\" data-element_type=\"column\">\n\t\t\t<div class=\"elementor-widget-wrap elementor-element-populated\">\n\t\t\t\t\t\t<div class=\"elementor-element elementor-element-9948f9c elementor-widget elementor-widget-heading\" data-id=\"9948f9c\" data-element_type=\"widget\" data-widget_type=\"heading.default\">\n\t\t\t\t<div class=\"elementor-widget-container\">\n\t\t\t\t\t<h2 class=\"elementor-heading-title elementor-size-default\">Posts recentes<\/h2>\t\t\t\t<\/div>\n\t\t\t\t<\/div>\n\t\t\t\t<div class=\"elementor-element elementor-element-1451ee1 elementor-grid-3 elementor-grid-tablet-2 elementor-grid-mobile-1 elementor-posts--thumbnail-top elementor-card-shadow-yes elementor-posts__hover-gradient elementor-widget elementor-widget-posts\" data-id=\"1451ee1\" data-element_type=\"widget\" data-settings=\"{&quot;cards_row_gap&quot;:{&quot;unit&quot;:&quot;px&quot;,&quot;size&quot;:10,&quot;sizes&quot;:[]},&quot;pagination_type&quot;:&quot;numbers&quot;,&quot;cards_columns&quot;:&quot;3&quot;,&quot;cards_columns_tablet&quot;:&quot;2&quot;,&quot;cards_columns_mobile&quot;:&quot;1&quot;,&quot;cards_row_gap_laptop&quot;:{&quot;unit&quot;:&quot;px&quot;,&quot;size&quot;:&quot;&quot;,&quot;sizes&quot;:[]},&quot;cards_row_gap_tablet&quot;:{&quot;unit&quot;:&quot;px&quot;,&quot;size&quot;:&quot;&quot;,&quot;sizes&quot;:[]},&quot;cards_row_gap_mobile&quot;:{&quot;unit&quot;:&quot;px&quot;,&quot;size&quot;:&quot;&quot;,&quot;sizes&quot;:[]}}\" data-widget_type=\"posts.cards\">\n\t\t\t\t<div class=\"elementor-widget-container\">\n\t\t\t\t\t\t\t<div class=\"elementor-posts-container elementor-posts elementor-posts--skin-cards elementor-grid\">\n\t\t\t\t<article class=\"elementor-post elementor-grid-item post-2030 post type-post status-publish format-standard has-post-thumbnail hentry category-sem-categoria entry\">\n\t\t\t<div class=\"elementor-post__card\">\n\t\t\t\t<a class=\"elementor-post__thumbnail__link\" href=\"https:\/\/acaidoforte.com\/pt\/acai-do-forte-reinaugura-loja-na-taquara\/\" tabindex=\"-1\" ><div class=\"elementor-post__thumbnail\"><img fetchpriority=\"high\" decoding=\"async\" width=\"2560\" height=\"1707\" src=\"https:\/\/acaidoforte.com\/wp-content\/uploads\/2025\/12\/Taquara-scaled.jpg\" class=\"attachment-full size-full wp-image-2031\" alt=\"\" srcset=\"https:\/\/acaidoforte.com\/wp-content\/uploads\/2025\/12\/Taquara-scaled.jpg 2560w, https:\/\/acaidoforte.com\/wp-content\/uploads\/2025\/12\/Taquara-300x200.jpg 300w, https:\/\/acaidoforte.com\/wp-content\/uploads\/2025\/12\/Taquara-1024x683.jpg 1024w, https:\/\/acaidoforte.com\/wp-content\/uploads\/2025\/12\/Taquara-768x512.jpg 768w, https:\/\/acaidoforte.com\/wp-content\/uploads\/2025\/12\/Taquara-1536x1024.jpg 1536w, https:\/\/acaidoforte.com\/wp-content\/uploads\/2025\/12\/Taquara-2048x1365.jpg 2048w, https:\/\/acaidoforte.com\/wp-content\/uploads\/2025\/12\/Taquara-18x12.jpg 18w, https:\/\/acaidoforte.com\/wp-content\/uploads\/2025\/12\/Taquara-1568x1045.jpg 1568w\" sizes=\"(max-width: 2560px) 100vw, 2560px\" style=\"width:100%;height:66.68%;max-width:2560px;\" \/><\/div><\/a>\n\t\t\t\t<div class=\"elementor-post__text\">\n\t\t\t\t<h3 class=\"elementor-post__title\">\n\t\t\t<a href=\"https:\/\/acaidoforte.com\/pt\/acai-do-forte-reinaugura-loja-na-taquara\/\" >\n\t\t\t\tA\u00e7a\u00ed do Forte reinaugura loja na Taquara!\t\t\t<\/a>\n\t\t<\/h3>\n\t\t\t\t<div class=\"elementor-post__excerpt\">\n\t\t\t<p>O A\u00e7a\u00ed do Forte tem uma hist\u00f3ria constru\u00edda lado a lado com seus clientes, e no dia 8 de junho de 2025 foi hora de<\/p>\n\t\t<\/div>\n\t\t\n\t\t<a class=\"elementor-post__read-more\" href=\"https:\/\/acaidoforte.com\/pt\/acai-do-forte-reinaugura-loja-na-taquara\/\" aria-label=\"Read more about A\u00e7a\u00ed do Forte reinaugura loja na Taquara!\" tabindex=\"-1\" >\n\t\t\tSaiba mais &gt;&gt;\t\t<\/a>\n\n\t\t\t\t<\/div>\n\t\t\t\t\t<\/div>\n\t\t<\/article>\n\t\t\t\t<article class=\"elementor-post elementor-grid-item post-2023 post type-post status-publish format-standard has-post-thumbnail hentry category-sem-categoria entry\">\n\t\t\t<div class=\"elementor-post__card\">\n\t\t\t\t<a class=\"elementor-post__thumbnail__link\" href=\"https:\/\/acaidoforte.com\/pt\/acai-do-forte-inaugura-unidade-no-centro-de-marica\/\" tabindex=\"-1\" ><div class=\"elementor-post__thumbnail\"><img decoding=\"async\" width=\"1707\" height=\"2560\" src=\"https:\/\/acaidoforte.com\/wp-content\/uploads\/2025\/12\/Marica-scaled.jpg\" class=\"attachment-full size-full wp-image-2024\" alt=\"\" srcset=\"https:\/\/acaidoforte.com\/wp-content\/uploads\/2025\/12\/Marica-scaled.jpg 1707w, https:\/\/acaidoforte.com\/wp-content\/uploads\/2025\/12\/Marica-200x300.jpg 200w, https:\/\/acaidoforte.com\/wp-content\/uploads\/2025\/12\/Marica-683x1024.jpg 683w, https:\/\/acaidoforte.com\/wp-content\/uploads\/2025\/12\/Marica-768x1152.jpg 768w, https:\/\/acaidoforte.com\/wp-content\/uploads\/2025\/12\/Marica-1024x1536.jpg 1024w, https:\/\/acaidoforte.com\/wp-content\/uploads\/2025\/12\/Marica-1365x2048.jpg 1365w, https:\/\/acaidoforte.com\/wp-content\/uploads\/2025\/12\/Marica-8x12.jpg 8w, https:\/\/acaidoforte.com\/wp-content\/uploads\/2025\/12\/Marica-1568x2352.jpg 1568w\" sizes=\"(max-width: 1707px) 100vw, 1707px\" style=\"width:100%;height:149.97%;max-width:1707px;\" \/><\/div><\/a>\n\t\t\t\t<div class=\"elementor-post__text\">\n\t\t\t\t<h3 class=\"elementor-post__title\">\n\t\t\t<a href=\"https:\/\/acaidoforte.com\/pt\/acai-do-forte-inaugura-unidade-no-centro-de-marica\/\" >\n\t\t\t\tA\u00e7a\u00ed do Forte inaugura unidade no centro de Maric\u00e1!\t\t\t<\/a>\n\t\t<\/h3>\n\t\t\t\t<div class=\"elementor-post__excerpt\">\n\t\t\t<p>O A\u00e7a\u00ed do Forte segue levando sabor e energia para cada vez mais cidades e, no dia 11 de julho de 2025, celebrou a inaugura\u00e7\u00e3o<\/p>\n\t\t<\/div>\n\t\t\n\t\t<a class=\"elementor-post__read-more\" href=\"https:\/\/acaidoforte.com\/pt\/acai-do-forte-inaugura-unidade-no-centro-de-marica\/\" aria-label=\"Read more about A\u00e7a\u00ed do Forte inaugura unidade no centro de Maric\u00e1!\" tabindex=\"-1\" >\n\t\t\tSaiba mais &gt;&gt;\t\t<\/a>\n\n\t\t\t\t<\/div>\n\t\t\t\t\t<\/div>\n\t\t<\/article>\n\t\t\t\t<article class=\"elementor-post elementor-grid-item post-1992 post type-post status-publish format-standard has-post-thumbnail hentry category-sem-categoria entry\">\n\t\t\t<div class=\"elementor-post__card\">\n\t\t\t\t<a class=\"elementor-post__thumbnail__link\" href=\"https:\/\/acaidoforte.com\/pt\/acai-do-forte-inaugura-primeira-unidade-na-rasa-em-buzios\/\" tabindex=\"-1\" ><div class=\"elementor-post__thumbnail\"><img decoding=\"async\" width=\"2560\" height=\"1707\" src=\"https:\/\/acaidoforte.com\/wp-content\/uploads\/2025\/12\/Rasa-scaled.jpg\" class=\"attachment-full size-full wp-image-1993\" alt=\"\" srcset=\"https:\/\/acaidoforte.com\/wp-content\/uploads\/2025\/12\/Rasa-scaled.jpg 2560w, https:\/\/acaidoforte.com\/wp-content\/uploads\/2025\/12\/Rasa-300x200.jpg 300w, https:\/\/acaidoforte.com\/wp-content\/uploads\/2025\/12\/Rasa-1024x683.jpg 1024w, https:\/\/acaidoforte.com\/wp-content\/uploads\/2025\/12\/Rasa-768x512.jpg 768w, https:\/\/acaidoforte.com\/wp-content\/uploads\/2025\/12\/Rasa-1536x1024.jpg 1536w, https:\/\/acaidoforte.com\/wp-content\/uploads\/2025\/12\/Rasa-2048x1365.jpg 2048w, https:\/\/acaidoforte.com\/wp-content\/uploads\/2025\/12\/Rasa-18x12.jpg 18w, https:\/\/acaidoforte.com\/wp-content\/uploads\/2025\/12\/Rasa-1568x1045.jpg 1568w\" sizes=\"(max-width: 2560px) 100vw, 2560px\" style=\"width:100%;height:66.68%;max-width:2560px;\" \/><\/div><\/a>\n\t\t\t\t<div class=\"elementor-post__text\">\n\t\t\t\t<h3 class=\"elementor-post__title\">\n\t\t\t<a href=\"https:\/\/acaidoforte.com\/pt\/acai-do-forte-inaugura-primeira-unidade-na-rasa-em-buzios\/\" >\n\t\t\t\tA\u00e7a\u00ed do Forte inaugura primeira unidade na Rasa, em B\u00fazios!\t\t\t<\/a>\n\t\t<\/h3>\n\t\t\t\t<div class=\"elementor-post__excerpt\">\n\t\t\t<p>\u00c9 com muita alegria que anunciamos a inaugura\u00e7\u00e3o de mais uma franquia do A\u00e7a\u00ed do Forte, fortalecendo ainda mais a presen\u00e7a da marca na Regi\u00e3o<\/p>\n\t\t<\/div>\n\t\t\n\t\t<a class=\"elementor-post__read-more\" href=\"https:\/\/acaidoforte.com\/pt\/acai-do-forte-inaugura-primeira-unidade-na-rasa-em-buzios\/\" aria-label=\"Read more about A\u00e7a\u00ed do Forte inaugura primeira unidade na Rasa, em B\u00fazios!\" tabindex=\"-1\" >\n\t\t\tSaiba mais &gt;&gt;\t\t<\/a>\n\n\t\t\t\t<\/div>\n\t\t\t\t\t<\/div>\n\t\t<\/article>\n\t\t\t\t<article class=\"elementor-post elementor-grid-item post-1955 post type-post status-publish format-standard has-post-thumbnail hentry category-sem-categoria entry\">\n\t\t\t<div class=\"elementor-post__card\">\n\t\t\t\t<a class=\"elementor-post__thumbnail__link\" href=\"https:\/\/acaidoforte.com\/pt\/o-acai-do-forte-agora-tambem-esta-em-lisboa\/\" tabindex=\"-1\" ><div class=\"elementor-post__thumbnail\"><img loading=\"lazy\" decoding=\"async\" width=\"1798\" height=\"2560\" src=\"https:\/\/acaidoforte.com\/wp-content\/uploads\/2025\/12\/Lisboa-scaled.jpeg\" class=\"attachment-full size-full wp-image-1937\" alt=\"\" srcset=\"https:\/\/acaidoforte.com\/wp-content\/uploads\/2025\/12\/Lisboa-scaled.jpeg 1798w, https:\/\/acaidoforte.com\/wp-content\/uploads\/2025\/12\/Lisboa-211x300.jpeg 211w, https:\/\/acaidoforte.com\/wp-content\/uploads\/2025\/12\/Lisboa-719x1024.jpeg 719w, https:\/\/acaidoforte.com\/wp-content\/uploads\/2025\/12\/Lisboa-768x1094.jpeg 768w, https:\/\/acaidoforte.com\/wp-content\/uploads\/2025\/12\/Lisboa-1079x1536.jpeg 1079w, https:\/\/acaidoforte.com\/wp-content\/uploads\/2025\/12\/Lisboa-1438x2048.jpeg 1438w, https:\/\/acaidoforte.com\/wp-content\/uploads\/2025\/12\/Lisboa-8x12.jpeg 8w, https:\/\/acaidoforte.com\/wp-content\/uploads\/2025\/12\/Lisboa-1568x2233.jpeg 1568w\" sizes=\"(max-width: 1798px) 100vw, 1798px\" style=\"width:100%;height:142.38%;max-width:1798px;\" \/><\/div><\/a>\n\t\t\t\t<div class=\"elementor-post__text\">\n\t\t\t\t<h3 class=\"elementor-post__title\">\n\t\t\t<a href=\"https:\/\/acaidoforte.com\/pt\/o-acai-do-forte-agora-tambem-esta-em-lisboa\/\" >\n\t\t\t\tO A\u00e7a\u00ed do Forte agora tamb\u00e9m est\u00e1 em Lisboa!\t\t\t<\/a>\n\t\t<\/h3>\n\t\t\t\t<div class=\"elementor-post__excerpt\">\n\t\t\t<p>O A\u00e7a\u00ed do Forte cruzou fronteiras e chegou a Lisboa! No dia 15 de agosto de 2025, a marca inaugurou sua primeira unidade na capital<\/p>\n\t\t<\/div>\n\t\t\n\t\t<a class=\"elementor-post__read-more\" href=\"https:\/\/acaidoforte.com\/pt\/o-acai-do-forte-agora-tambem-esta-em-lisboa\/\" aria-label=\"Read more about O A\u00e7a\u00ed do Forte agora tamb\u00e9m est\u00e1 em Lisboa!\" tabindex=\"-1\" >\n\t\t\tSaiba mais &gt;&gt;\t\t<\/a>\n\n\t\t\t\t<\/div>\n\t\t\t\t\t<\/div>\n\t\t<\/article>\n\t\t\t\t<article class=\"elementor-post elementor-grid-item post-1918 post type-post status-publish format-standard has-post-thumbnail hentry category-sem-categoria entry\">\n\t\t\t<div class=\"elementor-post__card\">\n\t\t\t\t<a class=\"elementor-post__thumbnail__link\" href=\"https:\/\/acaidoforte.com\/pt\/acai-do-forte-inaugura-quiosque-no-top-shopping-em-nova-iguacu\/\" tabindex=\"-1\" ><div class=\"elementor-post__thumbnail\"><img loading=\"lazy\" decoding=\"async\" width=\"2560\" height=\"1707\" src=\"https:\/\/acaidoforte.com\/wp-content\/uploads\/2025\/12\/Top-Shopping-Nova-Iguacu-scaled.jpg\" class=\"attachment-full size-full wp-image-1919\" alt=\"\" srcset=\"https:\/\/acaidoforte.com\/wp-content\/uploads\/2025\/12\/Top-Shopping-Nova-Iguacu-scaled.jpg 2560w, https:\/\/acaidoforte.com\/wp-content\/uploads\/2025\/12\/Top-Shopping-Nova-Iguacu-300x200.jpg 300w, https:\/\/acaidoforte.com\/wp-content\/uploads\/2025\/12\/Top-Shopping-Nova-Iguacu-1024x683.jpg 1024w, https:\/\/acaidoforte.com\/wp-content\/uploads\/2025\/12\/Top-Shopping-Nova-Iguacu-768x512.jpg 768w, https:\/\/acaidoforte.com\/wp-content\/uploads\/2025\/12\/Top-Shopping-Nova-Iguacu-1536x1024.jpg 1536w, https:\/\/acaidoforte.com\/wp-content\/uploads\/2025\/12\/Top-Shopping-Nova-Iguacu-2048x1365.jpg 2048w, https:\/\/acaidoforte.com\/wp-content\/uploads\/2025\/12\/Top-Shopping-Nova-Iguacu-18x12.jpg 18w, https:\/\/acaidoforte.com\/wp-content\/uploads\/2025\/12\/Top-Shopping-Nova-Iguacu-1568x1045.jpg 1568w\" sizes=\"(max-width: 2560px) 100vw, 2560px\" style=\"width:100%;height:66.68%;max-width:2560px;\" \/><\/div><\/a>\n\t\t\t\t<div class=\"elementor-post__text\">\n\t\t\t\t<h3 class=\"elementor-post__title\">\n\t\t\t<a href=\"https:\/\/acaidoforte.com\/pt\/acai-do-forte-inaugura-quiosque-no-top-shopping-em-nova-iguacu\/\" >\n\t\t\t\tA\u00e7a\u00ed do Forte inaugura quiosque no Top Shopping, em Nova Igua\u00e7u!\t\t\t<\/a>\n\t\t<\/h3>\n\t\t\t\t<div class=\"elementor-post__excerpt\">\n\t\t\t<p>O m\u00eas de outubro come\u00e7ou com novidade para quem ama a\u00e7a\u00ed. No dia 3 de outubro de 2025, o A\u00e7a\u00ed do Forte inaugurou seu novo<\/p>\n\t\t<\/div>\n\t\t\n\t\t<a class=\"elementor-post__read-more\" href=\"https:\/\/acaidoforte.com\/pt\/acai-do-forte-inaugura-quiosque-no-top-shopping-em-nova-iguacu\/\" aria-label=\"Read more about A\u00e7a\u00ed do Forte inaugura quiosque no Top Shopping, em Nova Igua\u00e7u!\" tabindex=\"-1\" >\n\t\t\tSaiba mais &gt;&gt;\t\t<\/a>\n\n\t\t\t\t<\/div>\n\t\t\t\t\t<\/div>\n\t\t<\/article>\n\t\t\t\t<article class=\"elementor-post elementor-grid-item post-1880 post type-post status-publish format-standard has-post-thumbnail hentry category-sem-categoria entry\">\n\t\t\t<div class=\"elementor-post__card\">\n\t\t\t\t<a class=\"elementor-post__thumbnail__link\" href=\"https:\/\/acaidoforte.com\/pt\/acai-do-forte-chega-com-mais-uma-unidade-em-buzios\/\" tabindex=\"-1\" ><div class=\"elementor-post__thumbnail\"><img loading=\"lazy\" decoding=\"async\" width=\"1707\" height=\"2560\" src=\"https:\/\/acaidoforte.com\/wp-content\/uploads\/2025\/12\/Buzios-scaled.jpg\" class=\"attachment-full size-full wp-image-1882\" alt=\"\" srcset=\"https:\/\/acaidoforte.com\/wp-content\/uploads\/2025\/12\/Buzios-scaled.jpg 1707w, https:\/\/acaidoforte.com\/wp-content\/uploads\/2025\/12\/Buzios-200x300.jpg 200w, https:\/\/acaidoforte.com\/wp-content\/uploads\/2025\/12\/Buzios-683x1024.jpg 683w, https:\/\/acaidoforte.com\/wp-content\/uploads\/2025\/12\/Buzios-768x1152.jpg 768w, https:\/\/acaidoforte.com\/wp-content\/uploads\/2025\/12\/Buzios-1024x1536.jpg 1024w, https:\/\/acaidoforte.com\/wp-content\/uploads\/2025\/12\/Buzios-1365x2048.jpg 1365w, https:\/\/acaidoforte.com\/wp-content\/uploads\/2025\/12\/Buzios-8x12.jpg 8w, https:\/\/acaidoforte.com\/wp-content\/uploads\/2025\/12\/Buzios-1568x2352.jpg 1568w\" sizes=\"(max-width: 1707px) 100vw, 1707px\" style=\"width:100%;height:149.97%;max-width:1707px;\" \/><\/div><\/a>\n\t\t\t\t<div class=\"elementor-post__text\">\n\t\t\t\t<h3 class=\"elementor-post__title\">\n\t\t\t<a href=\"https:\/\/acaidoforte.com\/pt\/acai-do-forte-chega-com-mais-uma-unidade-em-buzios\/\" >\n\t\t\t\tA\u00e7a\u00ed do Forte chega com mais uma unidade em B\u00fazios!\t\t\t<\/a>\n\t\t<\/h3>\n\t\t\t\t<div class=\"elementor-post__excerpt\">\n\t\t\t<p>O A\u00e7a\u00ed do Forte segue fortalecendo sua hist\u00f3ria e ampliando sua presen\u00e7a em B\u00fazios. No dia 4 de dezembro de 2025, a marca inaugurou mais<\/p>\n\t\t<\/div>\n\t\t\n\t\t<a class=\"elementor-post__read-more\" href=\"https:\/\/acaidoforte.com\/pt\/acai-do-forte-chega-com-mais-uma-unidade-em-buzios\/\" aria-label=\"Read more about A\u00e7a\u00ed do Forte chega com mais uma unidade em B\u00fazios!\" tabindex=\"-1\" >\n\t\t\tSaiba mais &gt;&gt;\t\t<\/a>\n\n\t\t\t\t<\/div>\n\t\t\t\t\t<\/div>\n\t\t<\/article>\n\t\t\t\t<\/div>\n\t\t\n\t\t\t\t<div class=\"e-load-more-anchor\" data-page=\"1\" data-max-page=\"3\" data-next-page=\"https:\/\/acaidoforte.com\/pt\/wp-json\/wp\/v2\/pages\/807\/page\/2\/\"><\/div>\n\t\t\t\t<nav class=\"elementor-pagination\" aria-label=\"Pagination\">\n\t\t\t<span aria-current=\"page\" class=\"page-numbers current\"><span class=\"elementor-screen-only\">Page<\/span>1<\/span>\n<a class=\"page-numbers\" href=\"https:\/\/acaidoforte.com\/pt\/wp-json\/wp\/v2\/pages\/807\/page\/2\/\"><span class=\"elementor-screen-only\">Page<\/span>2<\/a>\n<a class=\"page-numbers\" href=\"https:\/\/acaidoforte.com\/pt\/wp-json\/wp\/v2\/pages\/807\/page\/3\/\"><span class=\"elementor-screen-only\">Page<\/span>3<\/a>\t\t<\/nav>\n\t\t\t\t\t\t<\/div>\n\t\t\t\t<\/div>\n\t\t\t\t\t<\/div>\n\t\t<\/div>\n\t\t\t\t\t<\/div>\n\t\t<\/section>\n\t\t\t\t<\/div>","protected":false},"excerpt":{"rendered":"<p>Nosso blog Confira nossos artigos para lhe ajudar a consumir o melhor a\u00e7a\u00ed do mundo Voc\u00ea j\u00e1 conhece os benef\u00edcios do a\u00e7a\u00ed? Clique e saiba mais Recomendado Posts recentes<\/p>","protected":false},"author":1,"featured_media":0,"parent":0,"menu_order":0,"comment_status":"closed","ping_status":"closed","template":"elementor_header_footer","meta":{"cybocfi_hide_featured_image":"","footnotes":""},"class_list":["post-807","page","type-page","status-publish","hentry","entry"],"_links":{"self":[{"href":"https:\/\/acaidoforte.com\/pt\/wp-json\/wp\/v2\/pages\/807","targetHints":{"allow":["GET"]}}],"collection":[{"href":"https:\/\/acaidoforte.com\/pt\/wp-json\/wp\/v2\/pages"}],"about":[{"href":"https:\/\/acaidoforte.com\/pt\/wp-json\/wp\/v2\/types\/page"}],"author":[{"embeddable":true,"href":"https:\/\/acaidoforte.com\/pt\/wp-json\/wp\/v2\/users\/1"}],"replies":[{"embeddable":true,"href":"https:\/\/acaidoforte.com\/pt\/wp-json\/wp\/v2\/comments?post=807"}],"version-history":[{"count":20,"href":"https:\/\/acaidoforte.com\/pt\/wp-json\/wp\/v2\/pages\/807\/revisions"}],"predecessor-version":[{"id":2054,"href":"https:\/\/acaidoforte.com\/pt\/wp-json\/wp\/v2\/pages\/807\/revisions\/2054"}],"wp:attachment":[{"href":"https:\/\/acaidoforte.com\/pt\/wp-json\/wp\/v2\/media?parent=807"}],"curies":[{"name":"wp","href":"https:\/\/api.w.org\/{rel}","templated":true}]}}