{"id":878,"date":"2023-06-20T09:28:45","date_gmt":"2023-06-20T12:28:45","guid":{"rendered":"https:\/\/acaidoforte.com\/?page_id=878"},"modified":"2023-08-01T15:12:34","modified_gmt":"2023-08-01T18:12:34","slug":"seja-um-distribuidor","status":"publish","type":"page","link":"https:\/\/acaidoforte.com\/pt\/seja-um-distribuidor\/","title":{"rendered":"Seja um distribuidor"},"content":{"rendered":"<div data-elementor-type=\"wp-page\" data-elementor-id=\"878\" class=\"elementor elementor-878\" data-elementor-post-type=\"page\">\n\t\t\t\t\t\t<section class=\"elementor-section elementor-top-section elementor-element elementor-element-af9552b elementor-section-full_width elementor-hidden-tablet elementor-hidden-mobile elementor-section-height-default elementor-section-height-default\" data-id=\"af9552b\" data-element_type=\"section\" data-settings=\"{&quot;jet_parallax_layout_list&quot;:[]}\">\n\t\t\t\t\t\t<div class=\"elementor-container elementor-column-gap-no\">\n\t\t\t\t\t<div class=\"elementor-column elementor-col-100 elementor-top-column elementor-element elementor-element-272c4b8\" data-id=\"272c4b8\" data-element_type=\"column\">\n\t\t\t<div class=\"elementor-widget-wrap elementor-element-populated\">\n\t\t\t\t\t\t<div class=\"elementor-element elementor-element-58c75ca elementor-widget elementor-widget-image\" data-id=\"58c75ca\" data-element_type=\"widget\" data-widget_type=\"image.default\">\n\t\t\t\t<div class=\"elementor-widget-container\">\n\t\t\t\t\t\t\t\t\t\t\t\t\t\t\t<img fetchpriority=\"high\" decoding=\"async\" width=\"1920\" height=\"710\" src=\"https:\/\/acaidoforte.com\/wp-content\/uploads\/2023\/07\/BANNER-SITE-01-novo-desk.webp\" class=\"attachment-full size-full wp-image-1240\" alt=\"\" srcset=\"https:\/\/acaidoforte.com\/wp-content\/uploads\/2023\/07\/BANNER-SITE-01-novo-desk.webp 1920w, https:\/\/acaidoforte.com\/wp-content\/uploads\/2023\/07\/BANNER-SITE-01-novo-desk-300x111.webp 300w, https:\/\/acaidoforte.com\/wp-content\/uploads\/2023\/07\/BANNER-SITE-01-novo-desk-1024x379.webp 1024w, https:\/\/acaidoforte.com\/wp-content\/uploads\/2023\/07\/BANNER-SITE-01-novo-desk-768x284.webp 768w, https:\/\/acaidoforte.com\/wp-content\/uploads\/2023\/07\/BANNER-SITE-01-novo-desk-1536x568.webp 1536w, https:\/\/acaidoforte.com\/wp-content\/uploads\/2023\/07\/BANNER-SITE-01-novo-desk-18x7.webp 18w, https:\/\/acaidoforte.com\/wp-content\/uploads\/2023\/07\/BANNER-SITE-01-novo-desk-1568x580.webp 1568w\" sizes=\"(max-width: 1920px) 100vw, 1920px\" style=\"width:100%;height:36.98%;max-width:1920px\" \/>\t\t\t\t\t\t\t\t\t\t\t\t\t\t\t<\/div>\n\t\t\t\t<\/div>\n\t\t\t\t\t<\/div>\n\t\t<\/div>\n\t\t\t\t\t<\/div>\n\t\t<\/section>\n\t\t\t\t<section class=\"elementor-section elementor-top-section elementor-element elementor-element-3e46b50 elementor-section-full_width elementor-hidden-desktop elementor-section-height-default elementor-section-height-default\" data-id=\"3e46b50\" data-element_type=\"section\" data-settings=\"{&quot;jet_parallax_layout_list&quot;:[]}\">\n\t\t\t\t\t\t<div class=\"elementor-container elementor-column-gap-no\">\n\t\t\t\t\t<div class=\"elementor-column elementor-col-100 elementor-top-column elementor-element elementor-element-382a04a\" data-id=\"382a04a\" data-element_type=\"column\">\n\t\t\t<div class=\"elementor-widget-wrap elementor-element-populated\">\n\t\t\t\t\t\t<div class=\"elementor-element elementor-element-70523ee elementor-widget elementor-widget-image\" data-id=\"70523ee\" data-element_type=\"widget\" data-widget_type=\"image.default\">\n\t\t\t\t<div class=\"elementor-widget-container\">\n\t\t\t\t\t\t\t\t\t\t\t\t\t\t\t<img decoding=\"async\" width=\"1920\" height=\"1080\" src=\"https:\/\/acaidoforte.com\/wp-content\/uploads\/2023\/07\/BANNER-SITE-01-novo.webp\" class=\"attachment-full size-full wp-image-1226\" alt=\"\" srcset=\"https:\/\/acaidoforte.com\/wp-content\/uploads\/2023\/07\/BANNER-SITE-01-novo.webp 1920w, https:\/\/acaidoforte.com\/wp-content\/uploads\/2023\/07\/BANNER-SITE-01-novo-300x169.webp 300w, https:\/\/acaidoforte.com\/wp-content\/uploads\/2023\/07\/BANNER-SITE-01-novo-1024x576.webp 1024w, https:\/\/acaidoforte.com\/wp-content\/uploads\/2023\/07\/BANNER-SITE-01-novo-768x432.webp 768w, https:\/\/acaidoforte.com\/wp-content\/uploads\/2023\/07\/BANNER-SITE-01-novo-1536x864.webp 1536w, https:\/\/acaidoforte.com\/wp-content\/uploads\/2023\/07\/BANNER-SITE-01-novo-18x10.webp 18w, https:\/\/acaidoforte.com\/wp-content\/uploads\/2023\/07\/BANNER-SITE-01-novo-1568x882.webp 1568w\" sizes=\"(max-width: 1920px) 100vw, 1920px\" style=\"width:100%;height:56.25%;max-width:1920px\" \/>\t\t\t\t\t\t\t\t\t\t\t\t\t\t\t<\/div>\n\t\t\t\t<\/div>\n\t\t\t\t\t<\/div>\n\t\t<\/div>\n\t\t\t\t\t<\/div>\n\t\t<\/section>\n\t\t\t\t<section class=\"elementor-section elementor-top-section elementor-element elementor-element-ab97c92 elementor-section-boxed elementor-section-height-default elementor-section-height-default\" data-id=\"ab97c92\" data-element_type=\"section\" data-settings=\"{&quot;background_background&quot;:&quot;classic&quot;,&quot;jet_parallax_layout_list&quot;:[]}\">\n\t\t\t\t\t\t<div class=\"elementor-container elementor-column-gap-default\">\n\t\t\t\t\t<div class=\"elementor-column elementor-col-100 elementor-top-column elementor-element elementor-element-495e486\" data-id=\"495e486\" data-element_type=\"column\">\n\t\t\t<div class=\"elementor-widget-wrap elementor-element-populated\">\n\t\t\t\t\t\t<div class=\"elementor-element elementor-element-40289d2 elementor-widget elementor-widget-heading\" data-id=\"40289d2\" data-element_type=\"widget\" data-widget_type=\"heading.default\">\n\t\t\t\t<div class=\"elementor-widget-container\">\n\t\t\t\t\t<h2 class=\"elementor-heading-title elementor-size-default\">Abaste\u00e7a nossos clientes cadastrados e<br> franquias pr\u00f3ximas\u00a0a\u00a0voc\u00ea!<\/h2>\t\t\t\t<\/div>\n\t\t\t\t<\/div>\n\t\t\t\t<section class=\"elementor-section elementor-inner-section elementor-element elementor-element-26ba50a elementor-section-boxed elementor-section-height-default elementor-section-height-default\" data-id=\"26ba50a\" data-element_type=\"section\" data-settings=\"{&quot;jet_parallax_layout_list&quot;:[]}\">\n\t\t\t\t\t\t<div class=\"elementor-container elementor-column-gap-default\">\n\t\t\t\t\t<div class=\"elementor-column elementor-col-33 elementor-inner-column elementor-element elementor-element-0919955\" data-id=\"0919955\" data-element_type=\"column\">\n\t\t\t<div class=\"elementor-widget-wrap elementor-element-populated\">\n\t\t\t\t\t\t<div class=\"elementor-element elementor-element-297f508 elementor-position-top elementor-widget elementor-widget-image-box\" data-id=\"297f508\" data-element_type=\"widget\" data-widget_type=\"image-box.default\">\n\t\t\t\t<div class=\"elementor-widget-container\">\n\t\t\t\t\t<div class=\"elementor-image-box-wrapper\"><figure class=\"elementor-image-box-img\"><img decoding=\"async\" width=\"500\" height=\"500\" src=\"https:\/\/acaidoforte.com\/wp-content\/uploads\/2023\/07\/lucrogarantido.png\" class=\"attachment-full size-full wp-image-1111\" alt=\"\" style=\"width:100%;height:100%;max-width:500px\" srcset=\"https:\/\/acaidoforte.com\/wp-content\/uploads\/2023\/07\/lucrogarantido.png 500w, https:\/\/acaidoforte.com\/wp-content\/uploads\/2023\/07\/lucrogarantido-300x300.png 300w, https:\/\/acaidoforte.com\/wp-content\/uploads\/2023\/07\/lucrogarantido-150x150.png 150w, https:\/\/acaidoforte.com\/wp-content\/uploads\/2023\/07\/lucrogarantido-12x12.png 12w\" sizes=\"(max-width: 500px) 100vw, 500px\" \/><\/figure><div class=\"elementor-image-box-content\"><h3 class=\"elementor-image-box-title\">Lucro Garantido<\/h3><\/div><\/div>\t\t\t\t<\/div>\n\t\t\t\t<\/div>\n\t\t\t\t\t<\/div>\n\t\t<\/div>\n\t\t\t\t<div class=\"elementor-column elementor-col-33 elementor-inner-column elementor-element elementor-element-391c443\" data-id=\"391c443\" data-element_type=\"column\">\n\t\t\t<div class=\"elementor-widget-wrap elementor-element-populated\">\n\t\t\t\t\t\t<div class=\"elementor-element elementor-element-3cfe52a elementor-position-top elementor-widget elementor-widget-image-box\" data-id=\"3cfe52a\" data-element_type=\"widget\" data-widget_type=\"image-box.default\">\n\t\t\t\t<div class=\"elementor-widget-container\">\n\t\t\t\t\t<div class=\"elementor-image-box-wrapper\"><figure class=\"elementor-image-box-img\"><img loading=\"lazy\" decoding=\"async\" width=\"500\" height=\"500\" src=\"https:\/\/acaidoforte.com\/wp-content\/uploads\/2023\/07\/clientes-certos.png\" class=\"attachment-full size-full wp-image-1113\" alt=\"\" style=\"width:100%;height:100%;max-width:500px\" srcset=\"https:\/\/acaidoforte.com\/wp-content\/uploads\/2023\/07\/clientes-certos.png 500w, https:\/\/acaidoforte.com\/wp-content\/uploads\/2023\/07\/clientes-certos-300x300.png 300w, https:\/\/acaidoforte.com\/wp-content\/uploads\/2023\/07\/clientes-certos-150x150.png 150w, https:\/\/acaidoforte.com\/wp-content\/uploads\/2023\/07\/clientes-certos-12x12.png 12w\" sizes=\"(max-width: 500px) 100vw, 500px\" \/><\/figure><div class=\"elementor-image-box-content\"><h3 class=\"elementor-image-box-title\">Clientes Certos<\/h3><\/div><\/div>\t\t\t\t<\/div>\n\t\t\t\t<\/div>\n\t\t\t\t\t<\/div>\n\t\t<\/div>\n\t\t\t\t<div class=\"elementor-column elementor-col-33 elementor-inner-column elementor-element elementor-element-0aba927\" data-id=\"0aba927\" data-element_type=\"column\">\n\t\t\t<div class=\"elementor-widget-wrap elementor-element-populated\">\n\t\t\t\t\t\t<div class=\"elementor-element elementor-element-0b93b2f elementor-position-top elementor-widget elementor-widget-image-box\" data-id=\"0b93b2f\" data-element_type=\"widget\" data-widget_type=\"image-box.default\">\n\t\t\t\t<div class=\"elementor-widget-container\">\n\t\t\t\t\t<div class=\"elementor-image-box-wrapper\"><figure class=\"elementor-image-box-img\"><img loading=\"lazy\" decoding=\"async\" width=\"500\" height=\"500\" src=\"https:\/\/acaidoforte.com\/wp-content\/uploads\/2023\/07\/autorizado.png\" class=\"attachment-full size-full wp-image-1112\" alt=\"\" style=\"width:100%;height:100%;max-width:500px\" srcset=\"https:\/\/acaidoforte.com\/wp-content\/uploads\/2023\/07\/autorizado.png 500w, https:\/\/acaidoforte.com\/wp-content\/uploads\/2023\/07\/autorizado-300x300.png 300w, https:\/\/acaidoforte.com\/wp-content\/uploads\/2023\/07\/autorizado-150x150.png 150w, https:\/\/acaidoforte.com\/wp-content\/uploads\/2023\/07\/autorizado-12x12.png 12w\" sizes=\"(max-width: 500px) 100vw, 500px\" \/><\/figure><div class=\"elementor-image-box-content\"><h3 class=\"elementor-image-box-title\">Divulga\u00e7\u00e3o como Distribuidor autorizado<\/h3><\/div><\/div>\t\t\t\t<\/div>\n\t\t\t\t<\/div>\n\t\t\t\t\t<\/div>\n\t\t<\/div>\n\t\t\t\t\t<\/div>\n\t\t<\/section>\n\t\t\t\t<div class=\"elementor-element elementor-element-dac66b5 elementor-align-center elementor-widget elementor-widget-button\" data-id=\"dac66b5\" data-element_type=\"widget\" data-widget_type=\"button.default\">\n\t\t\t\t<div class=\"elementor-widget-container\">\n\t\t\t\t\t\t\t\t\t<div class=\"elementor-button-wrapper\">\n\t\t\t\t\t<a class=\"elementor-button elementor-button-link elementor-size-xl\" href=\"https:\/\/wa.me\/552226441745\">\n\t\t\t\t\t\t<span class=\"elementor-button-content-wrapper\">\n\t\t\t\t\t\t\t\t\t<span class=\"elementor-button-text\">Entre em contato <b>AGORA!<\/b><\/span>\n\t\t\t\t\t<\/span>\n\t\t\t\t\t<\/a>\n\t\t\t\t<\/div>\n\t\t\t\t\t\t\t\t<\/div>\n\t\t\t\t<\/div>\n\t\t\t\t\t<\/div>\n\t\t<\/div>\n\t\t\t\t\t<\/div>\n\t\t<\/section>\n\t\t\t\t<section class=\"elementor-section elementor-top-section elementor-element elementor-element-9f7ce00 elementor-section-boxed elementor-section-height-default elementor-section-height-default\" data-id=\"9f7ce00\" data-element_type=\"section\" data-settings=\"{&quot;background_background&quot;:&quot;classic&quot;,&quot;jet_parallax_layout_list&quot;:[]}\">\n\t\t\t\t\t\t\t<div class=\"elementor-background-overlay\"><\/div>\n\t\t\t\t\t\t\t<div class=\"elementor-container elementor-column-gap-default\">\n\t\t\t\t\t<div class=\"elementor-column elementor-col-100 elementor-top-column elementor-element elementor-element-e9d3de7\" data-id=\"e9d3de7\" data-element_type=\"column\">\n\t\t\t<div class=\"elementor-widget-wrap elementor-element-populated\">\n\t\t\t\t\t\t<div class=\"elementor-element elementor-element-f7885a2 elementor-widget elementor-widget-heading\" data-id=\"f7885a2\" data-element_type=\"widget\" data-widget_type=\"heading.default\">\n\t\t\t\t<div class=\"elementor-widget-container\">\n\t\t\t\t\t<h2 class=\"elementor-heading-title elementor-size-default\">Voc\u00ea tamb\u00e9m pode ser um revendedor...<\/h2>\t\t\t\t<\/div>\n\t\t\t\t<\/div>\n\t\t\t\t<div class=\"elementor-element elementor-element-61b66c8 elementor-align-center elementor-widget elementor-widget-button\" data-id=\"61b66c8\" data-element_type=\"widget\" data-widget_type=\"button.default\">\n\t\t\t\t<div class=\"elementor-widget-container\">\n\t\t\t\t\t\t\t\t\t<div class=\"elementor-button-wrapper\">\n\t\t\t\t\t<a class=\"elementor-button elementor-button-link elementor-size-lg\" href=\"https:\/\/acaidoforte.com\/pt\/seja-um-revendedor\/\">\n\t\t\t\t\t\t<span class=\"elementor-button-content-wrapper\">\n\t\t\t\t\t\t\t\t\t<span class=\"elementor-button-text\">Clique aqui<\/span>\n\t\t\t\t\t<\/span>\n\t\t\t\t\t<\/a>\n\t\t\t\t<\/div>\n\t\t\t\t\t\t\t\t<\/div>\n\t\t\t\t<\/div>\n\t\t\t\t\t<\/div>\n\t\t<\/div>\n\t\t\t\t\t<\/div>\n\t\t<\/section>\n\t\t\t\t<\/div>","protected":false},"excerpt":{"rendered":"<p>Abaste\u00e7a nossos clientes cadastrados e franquias pr\u00f3ximas\u00a0a\u00a0voc\u00ea! Lucro Garantido Clientes Certos Divulga\u00e7\u00e3o como Distribuidor autorizado Entre em contato AGORA! Voc\u00ea tamb\u00e9m pode ser um revendedor&#8230; Clique aqui<\/p>","protected":false},"author":1,"featured_media":0,"parent":0,"menu_order":0,"comment_status":"closed","ping_status":"closed","template":"elementor_header_footer","meta":{"cybocfi_hide_featured_image":"","footnotes":""},"class_list":["post-878","page","type-page","status-publish","hentry","entry"],"_links":{"self":[{"href":"https:\/\/acaidoforte.com\/pt\/wp-json\/wp\/v2\/pages\/878","targetHints":{"allow":["GET"]}}],"collection":[{"href":"https:\/\/acaidoforte.com\/pt\/wp-json\/wp\/v2\/pages"}],"about":[{"href":"https:\/\/acaidoforte.com\/pt\/wp-json\/wp\/v2\/types\/page"}],"author":[{"embeddable":true,"href":"https:\/\/acaidoforte.com\/pt\/wp-json\/wp\/v2\/users\/1"}],"replies":[{"embeddable":true,"href":"https:\/\/acaidoforte.com\/pt\/wp-json\/wp\/v2\/comments?post=878"}],"version-history":[{"count":5,"href":"https:\/\/acaidoforte.com\/pt\/wp-json\/wp\/v2\/pages\/878\/revisions"}],"predecessor-version":[{"id":1288,"href":"https:\/\/acaidoforte.com\/pt\/wp-json\/wp\/v2\/pages\/878\/revisions\/1288"}],"wp:attachment":[{"href":"https:\/\/acaidoforte.com\/pt\/wp-json\/wp\/v2\/media?parent=878"}],"curies":[{"name":"wp","href":"https:\/\/api.w.org\/{rel}","templated":true}]}}